{"id":4011,"date":"2024-11-21T09:58:50","date_gmt":"2024-11-21T07:58:50","guid":{"rendered":"https:\/\/dexville.be\/enquete\/"},"modified":"2024-11-22T16:18:15","modified_gmt":"2024-11-22T14:18:15","slug":"enquete","status":"publish","type":"page","link":"https:\/\/dexville.be\/fr\/enquete\/","title":{"rendered":"Enqu\u00eate"},"content":{"rendered":"<section class=\"l-section wpb_row height_auto\"><div class=\"l-section-h i-cf\"><div class=\"g-cols vc_row via_flex valign_top type_default stacking_default\" style=\"--additional-gap:20px;\"><div class=\"vc_col-sm-4 wpb_column vc_column_container has_bg_color stretched\"><div class=\"vc_column-inner us_custom_6268f7d2\"><div class=\"wpb_wrapper\"><\/div><\/div><\/div><div class=\"vc_col-sm-8 wpb_column vc_column_container\"><div class=\"vc_column-inner\"><div class=\"wpb_wrapper\"><div class=\"w-separator size_large\"><\/div><div class=\"wpb_text_column\"><div class=\"wpb_wrapper\"><h2>Comment avons-nous \u00e9volu\u00e9 ces derniers mois ?<\/h2>\n<\/div><\/div><div class=\"w-separator size_small\"><\/div><div class=\"wpb_text_column\"><div class=\"wpb_wrapper\"><p>Cher client,<\/p>\n<p>Nous vous remercions de nous donner votre avis sur le service que nous vous avons fourni au cours des derni\u00e8res semaines, des derniers mois, &#8230;. Nous sommes une agence qui n&rsquo;a pas froid aux yeux. Avec trois questions courtes, nous devrions donc avoir une bonne id\u00e9e de votre satisfaction en tant que client.<\/p>\n<\/div><\/div><div class=\"w-separator size_small\"><\/div><script>\nvar gform;gform||(document.addEventListener(\"gform_main_scripts_loaded\",function(){gform.scriptsLoaded=!0}),document.addEventListener(\"gform\/theme\/scripts_loaded\",function(){gform.themeScriptsLoaded=!0}),window.addEventListener(\"DOMContentLoaded\",function(){gform.domLoaded=!0}),gform={domLoaded:!1,scriptsLoaded:!1,themeScriptsLoaded:!1,isFormEditor:()=>\"function\"==typeof InitializeEditor,callIfLoaded:function(o){return!(!gform.domLoaded||!gform.scriptsLoaded||!gform.themeScriptsLoaded&&!gform.isFormEditor()||(gform.isFormEditor()&&console.warn(\"The use of gform.initializeOnLoaded() is deprecated in the form editor context and will be removed in Gravity Forms 3.1.\"),o(),0))},initializeOnLoaded:function(o){gform.callIfLoaded(o)||(document.addEventListener(\"gform_main_scripts_loaded\",()=>{gform.scriptsLoaded=!0,gform.callIfLoaded(o)}),document.addEventListener(\"gform\/theme\/scripts_loaded\",()=>{gform.themeScriptsLoaded=!0,gform.callIfLoaded(o)}),window.addEventListener(\"DOMContentLoaded\",()=>{gform.domLoaded=!0,gform.callIfLoaded(o)}))},hooks:{action:{},filter:{}},addAction:function(o,r,e,t){gform.addHook(\"action\",o,r,e,t)},addFilter:function(o,r,e,t){gform.addHook(\"filter\",o,r,e,t)},doAction:function(o){gform.doHook(\"action\",o,arguments)},applyFilters:function(o){return gform.doHook(\"filter\",o,arguments)},removeAction:function(o,r){gform.removeHook(\"action\",o,r)},removeFilter:function(o,r,e){gform.removeHook(\"filter\",o,r,e)},addHook:function(o,r,e,t,n){null==gform.hooks[o][r]&&(gform.hooks[o][r]=[]);var d=gform.hooks[o][r];null==n&&(n=r+\"_\"+d.length),gform.hooks[o][r].push({tag:n,callable:e,priority:t=null==t?10:t})},doHook:function(r,o,e){var t;if(e=Array.prototype.slice.call(e,1),null!=gform.hooks[r][o]&&((o=gform.hooks[r][o]).sort(function(o,r){return o.priority-r.priority}),o.forEach(function(o){\"function\"!=typeof(t=o.callable)&&(t=window[t]),\"action\"==r?t.apply(null,e):e[0]=t.apply(null,e)})),\"filter\"==r)return e[0]},removeHook:function(o,r,t,n){var e;null!=gform.hooks[o][r]&&(e=(e=gform.hooks[o][r]).filter(function(o,r,e){return!!(null!=n&&n!=o.tag||null!=t&&t!=o.priority)}),gform.hooks[o][r]=e)}});\n<\/script>\n\n                <div class='gf_browser_gecko gform_wrapper gravity-theme gform-theme--no-framework' data-form-theme='gravity-theme' data-form-index='0' id='gform_wrapper_10' ><div id='gf_10' class='gform_anchor' tabindex='-1'><\/div>\n                        <div class='gform_heading'>\n\t\t\t\t\t\t\t<p class='gform_required_legend'>\u00ab\u00a0<span class=\"gfield_required gfield_required_asterisk\">*<\/span>\u00a0\u00bb indique les champs n\u00e9cessaires<\/p>\n                        <\/div><form method='post' enctype='multipart\/form-data' target='gform_ajax_frame_10' id='gform_10'  action='\/fr\/wp-json\/wp\/v2\/pages\/4011#gf_10' data-formid='10' novalidate>\n                        <div class='gform-body gform_body'><div id='gform_fields_10' class='gform_fields top_label form_sublabel_below description_below validation_below'><div id=\"field_10_10\" class=\"gfield gfield--type-honeypot gform_validation_container field_sublabel_below gfield--has-description field_description_below field_validation_below gfield_visibility_visible\"  ><label class='gfield_label gform-field-label' for='input_10_10'>Instagram<\/label><div class='ginput_container'><input name='input_10' id='input_10_10' type='text' value='' autocomplete='new-password'\/><\/div><div class='gfield_description' id='gfield_description_10_10'>Ce champ n\u2019est utilis\u00e9 qu\u2019\u00e0 des fins de validation et devrait rester inchang\u00e9.<\/div><\/div><div id=\"field_10_9\" class=\"gfield gfield--type-text gfield--input-type-text gfield--width-half gfield_contains_required field_sublabel_below gfield--no-description field_description_below field_validation_below gfield_visibility_visible\"  ><label class='gfield_label gform-field-label' for='input_10_9'>Pr\u00e9nom<span class=\"gfield_required\"><span class=\"gfield_required gfield_required_asterisk\">*<\/span><\/span><\/label><div class='ginput_container ginput_container_text'><input name='input_9' id='input_10_9' type='text' value='' class='large'     aria-required=\"true\" aria-invalid=\"false\"   \/><\/div><\/div><div id=\"field_10_7\" class=\"gfield gfield--type-text gfield--input-type-text gfield--width-half gfield_contains_required field_sublabel_below gfield--no-description field_description_below field_validation_below gfield_visibility_visible\"  ><label class='gfield_label gform-field-label' for='input_10_7'>Nom<span class=\"gfield_required\"><span class=\"gfield_required gfield_required_asterisk\">*<\/span><\/span><\/label><div class='ginput_container ginput_container_text'><input name='input_7' id='input_10_7' type='text' value='' class='large'     aria-required=\"true\" aria-invalid=\"false\"   \/><\/div><\/div><div id=\"field_10_8\" class=\"gfield gfield--type-text gfield--input-type-text gfield--width-full gfield_contains_required field_sublabel_below gfield--no-description field_description_below field_validation_below gfield_visibility_visible\"  ><label class='gfield_label gform-field-label' for='input_10_8'>Entreprise<span class=\"gfield_required\"><span class=\"gfield_required gfield_required_asterisk\">*<\/span><\/span><\/label><div class='ginput_container ginput_container_text'><input name='input_8' id='input_10_8' type='text' value='' class='large'     aria-required=\"true\" aria-invalid=\"false\"   \/><\/div><\/div><div id=\"field_10_3\" class=\"gfield gfield--type-survey gfield--input-type-likert gfield--width-full gfield_contains_required field_sublabel_below gfield--no-description field_description_below field_validation_below gfield_visibility_visible gsurvey-survey-field \"  data-field-class=\"gsurvey-survey-field\" ><label class='gfield_label gform-field-label' >Quel est votre degr\u00e9 de satisfaction par rapport \u00e0 votre collaboration avec DexVille en g\u00e9n\u00e9ral ?<span class=\"gfield_required\"><span class=\"gfield_required gfield_required_asterisk\">*<\/span><\/span><\/label><div class='ginput_container ginput_container_likert'><table aria-label='Quel est votre degr\u00e9 de satisfaction par rapport \u00e0 votre collaboration avec DexVille en g\u00e9n\u00e9ral ?' class='gsurvey-likert' id='input_10_3'><thead><tr><th id='likert_col_1_10_3' scope='col' role='presentation' class='gsurvey-likert-choice-label'>Tr\u00e8s satisfait<\/th><th id='likert_col_2_10_3' scope='col' role='presentation' class='gsurvey-likert-choice-label'>Satisfait<\/th><th id='likert_col_3_10_3' scope='col' role='presentation' class='gsurvey-likert-choice-label'>Neutre<\/th><th id='likert_col_4_10_3' scope='col' role='presentation' class='gsurvey-likert-choice-label'>Insatisfait<\/th><th id='likert_col_5_10_3' scope='col' role='presentation' class='gsurvey-likert-choice-label'>Tr\u00e8s insatisfait<\/th><\/tr><\/thead><tbody><tr><td data-label='Tr\u00e8s satisfait' class='gsurvey-likert-choice'><input name='input_3' type='radio' value='glikertcol3c1a58402'  id='choice_10_3_1'    aria-labelledby='likert_col_1_10_3'\/><\/td><td data-label='Satisfait' class='gsurvey-likert-choice'><input name='input_3' type='radio' value='glikertcol34db575d7'  id='choice_10_3_2'    aria-labelledby='likert_col_2_10_3'\/><\/td><td data-label='Neutre' class='gsurvey-likert-choice'><input name='input_3' type='radio' value='glikertcol3f3558110'  id='choice_10_3_3'    aria-labelledby='likert_col_3_10_3'\/><\/td><td data-label='Insatisfait' class='gsurvey-likert-choice'><input name='input_3' type='radio' value='glikertcol3ee90cf9c'  id='choice_10_3_4'    aria-labelledby='likert_col_4_10_3'\/><\/td><td data-label='Tr\u00e8s insatisfait' class='gsurvey-likert-choice'><input name='input_3' type='radio' value='glikertcol35a2367b6'  id='choice_10_3_5'    aria-labelledby='likert_col_5_10_3'\/><\/td><\/tr><\/tbody><\/table><\/div><\/div><div id=\"field_10_1\" class=\"gfield gfield--type-survey gfield--input-type-select gfield--width-full gfield_contains_required field_sublabel_below gfield--no-description field_description_below field_validation_below gfield_visibility_visible gsurvey-survey-field \"  data-field-class=\"gsurvey-survey-field\" ><label class='gfield_label gform-field-label' for='input_10_1'>Nous recommanderiez-vous \u00e0 d&#039;autres entrepreneurs ?<span class=\"gfield_required\"><span class=\"gfield_required gfield_required_asterisk\">*<\/span><\/span><\/label><div class='ginput_container ginput_container_select'><select name='input_1' id='input_10_1' class='large gfield_select'    aria-required=\"true\" aria-invalid=\"false\" ><option value='' selected='selected' class='gf_placeholder'>Choisissez une option<\/option><option value='gsurvey158d48ecd' >Oui<\/option><option value='gsurvey15ce10223' >Non<\/option><option value='gsurvey1769b65ff' >Peut-\u00eatre<\/option><\/select><\/div><\/div><div id=\"field_10_4\" class=\"gfield gfield--type-survey gfield--input-type-textarea gfield--width-full gfield_contains_required field_sublabel_below gfield--no-description field_description_below field_validation_below gfield_visibility_visible gsurvey-survey-field \"  data-field-class=\"gsurvey-survey-field\" ><label class='gfield_label gform-field-label' for='input_10_4'>Qu&#039;avons-nous fait de bien et \/ ou que pouvons-nous am\u00e9liorer ?<span class=\"gfield_required\"><span class=\"gfield_required gfield_required_asterisk\">*<\/span><\/span><\/label><div class='ginput_container ginput_container_textarea'><textarea name='input_4' id='input_10_4' class='textarea small'     aria-required=\"true\" aria-invalid=\"false\"   rows='10' cols='50'><\/textarea><\/div><\/div><div id=\"field_10_6\" class=\"gfield gfield--type-html gfield--input-type-html gfield--width-full gfield_html gfield_html_formatted gfield_no_follows_desc field_sublabel_below gfield--no-description field_description_below field_validation_below gfield_visibility_visible\"  ><span style=\"font-size:16px;\">\u00ab * \u00bb indique les champs n\u00e9cessaires<\/span><\/div><div id=\"field_10_5\" class=\"gfield gfield--type-captcha gfield--input-type-captcha gfield--width-full field_sublabel_below gfield--no-description field_description_below field_validation_below gfield_visibility_visible\"  ><label class='gfield_label gform-field-label' for='input_10_5'>CAPTCHA<\/label><div id='input_10_5' class='ginput_container ginput_recaptcha' data-sitekey='6LcfADEbAAAAANnMNegFTXtNxZDJ5N3jmlRbR1O3'  data-theme='light' data-tabindex='0'  data-badge=''><\/div><\/div><\/div><\/div>\n        <div class='gform-footer gform_footer top_label'> <input type='submit' id='gform_submit_button_10' class='gform_button button' onclick='gform.submission.handleButtonClick(this);' data-submission-type='submit' value='Envoyer'  \/> <input type='hidden' name='gform_ajax' value='form_id=10&amp;title=&amp;description=&amp;tabindex=0&amp;theme=gravity-theme&amp;styles=[]&amp;hash=8e97f7bfc03d29c0d25d1d09190ecf0c' \/>\n            <input type='hidden' class='gform_hidden' name='gform_submission_method' data-js='gform_submission_method_10' value='iframe' \/>\n            <input type='hidden' class='gform_hidden' name='gform_theme' data-js='gform_theme_10' id='gform_theme_10' value='gravity-theme' \/>\n            <input type='hidden' class='gform_hidden' name='gform_style_settings' data-js='gform_style_settings_10' id='gform_style_settings_10' value='[]' \/>\n            <input type='hidden' class='gform_hidden' name='is_submit_10' value='1' \/>\n            <input type='hidden' class='gform_hidden' name='gform_submit' value='10' \/>\n            \n            <input type='hidden' class='gform_hidden' name='gform_currency' data-currency='EUR' value='h\/ZjEpitOyaKsJti7LBRmSYoLAefuznjpbZ5IOp2HFrF13hnAlY0NzVroEnAMtS9rRG+wi7A5KK5oLkIR4\/xkr5hLDnm1JQcM4tm4cRRAZopQzE=' \/>\n            <input type='hidden' class='gform_hidden' name='gform_unique_id' value='' \/>\n            <input type='hidden' class='gform_hidden' name='state_10' value='WyJ7XCIxXCI6W1wiZGY4OGIzOGM1ZTQ1YWM5NWY0MmQyZGQ2OTUxM2JlMzZcIixcIjU3MGNjOWEyMzMzYmMyZDk5NjRjYzM5MTJmNTQ3Mzc0XCIsXCI4OWZhNmViMTI2ZDg3MTE5OGIzMTlhMThiYjJlNjQ1ZlwiXX0iLCI0YjQzOTRiZjRjMWVjZDU3ZDdmZDYwNWU1MjYzNDVkNyJd' \/>\n            <input type='hidden' autocomplete='off' class='gform_hidden' name='gform_target_page_number_10' id='gform_target_page_number_10' value='0' \/>\n            <input type='hidden' autocomplete='off' class='gform_hidden' name='gform_source_page_number_10' id='gform_source_page_number_10' value='1' \/>\n            <input type='hidden' name='gform_field_values' value='' \/>\n            \n        <\/div>\n                        <\/form>\n                        <\/div>\n\t\t                <iframe style='display:none;width:0px;height:0px;' src='about:blank' name='gform_ajax_frame_10' id='gform_ajax_frame_10' title='Cette iframe contient la logique n\u00e9cessaire pour manipuler Gravity Forms avec Ajax.'><\/iframe>\n\t\t                <script>\ngform.initializeOnLoaded( function() {gformInitSpinner( 10, 'https:\/\/dexville.be\/wp-content\/plugins\/gravityforms\/images\/spinner.svg', true );jQuery('#gform_ajax_frame_10').on('load',function(){var contents = jQuery(this).contents().find('*').html();var is_postback = contents.indexOf('GF_AJAX_POSTBACK') >= 0;if(!is_postback){return;}var form_content = jQuery(this).contents().find('#gform_wrapper_10');var is_confirmation = jQuery(this).contents().find('#gform_confirmation_wrapper_10').length > 0;var is_redirect = contents.indexOf('gformRedirect(){') >= 0;var is_form = form_content.length > 0 && ! is_redirect && ! is_confirmation;var mt = parseInt(jQuery('html').css('margin-top'), 10) + parseInt(jQuery('body').css('margin-top'), 10) + 100;if(is_form){jQuery('#gform_wrapper_10').html(form_content.html());if(form_content.hasClass('gform_validation_error')){jQuery('#gform_wrapper_10').addClass('gform_validation_error');} else {jQuery('#gform_wrapper_10').removeClass('gform_validation_error');}setTimeout( function() { \/* delay the scroll by 50 milliseconds to fix a bug in chrome *\/ jQuery(document).scrollTop(jQuery('#gform_wrapper_10').offset().top - mt); }, 50 );if(window['gformInitDatepicker']) {gformInitDatepicker();}if(window['gformInitPriceFields']) {gformInitPriceFields();}var current_page = jQuery('#gform_source_page_number_10').val();gformInitSpinner( 10, 'https:\/\/dexville.be\/wp-content\/plugins\/gravityforms\/images\/spinner.svg', true );jQuery(document).trigger('gform_page_loaded', [10, current_page]);window['gf_submitting_10'] = false;}else if(!is_redirect){var confirmation_content = jQuery(this).contents().find('.GF_AJAX_POSTBACK').html();if(!confirmation_content){confirmation_content = contents;}jQuery('#gform_wrapper_10').replaceWith(confirmation_content);jQuery(document).scrollTop(jQuery('#gf_10').offset().top - mt);jQuery(document).trigger('gform_confirmation_loaded', [10]);window['gf_submitting_10'] = false;wp.a11y.speak(jQuery('#gform_confirmation_message_10').text());}else{jQuery('#gform_10').append(contents);if(window['gformRedirect']) {gformRedirect();}}jQuery(document).trigger(\"gform_pre_post_render\", [{ formId: \"10\", currentPage: \"current_page\", abort: function() { this.preventDefault(); } }]);        if (event && event.defaultPrevented) {                return;        }        const gformWrapperDiv = document.getElementById( \"gform_wrapper_10\" );        if ( gformWrapperDiv ) {            const visibilitySpan = document.createElement( \"span\" );            visibilitySpan.id = \"gform_visibility_test_10\";            gformWrapperDiv.insertAdjacentElement( \"afterend\", visibilitySpan );        }        const visibilityTestDiv = document.getElementById( \"gform_visibility_test_10\" );        let postRenderFired = false;        function triggerPostRender() {            if ( postRenderFired ) {                return;            }            postRenderFired = true;            gform.core.triggerPostRenderEvents( 10, current_page );            if ( visibilityTestDiv ) {                visibilityTestDiv.parentNode.removeChild( visibilityTestDiv );            }        }        function debounce( func, wait, immediate ) {            var timeout;            return function() {                var context = this, args = arguments;                var later = function() {                    timeout = null;                    if ( !immediate ) func.apply( context, args );                };                var callNow = immediate && !timeout;                clearTimeout( timeout );                timeout = setTimeout( later, wait );                if ( callNow ) func.apply( context, args );            };        }        const debouncedTriggerPostRender = debounce( function() {            triggerPostRender();        }, 200 );        if ( visibilityTestDiv && visibilityTestDiv.offsetParent === null ) {            const observer = new MutationObserver( ( mutations ) => {                mutations.forEach( ( mutation ) => {                    if ( mutation.type === 'attributes' && visibilityTestDiv.offsetParent !== null ) {                        debouncedTriggerPostRender();                        observer.disconnect();                    }                });            });            observer.observe( document.body, {                attributes: true,                childList: false,                subtree: true,                attributeFilter: [ 'style', 'class' ],            });        } else {            triggerPostRender();        }    } );} );\n<\/script>\n<div class=\"w-separator size_large\"><\/div><\/div><\/div><\/div><\/div><\/div><\/section>\n","protected":false},"excerpt":{"rendered":"Comment avons-nous \u00e9volu\u00e9 ces derniers mois ? Cher client, Nous vous remercions de nous donner votre avis sur le service que nous vous avons fourni au cours des derni\u00e8res semaines, des derniers mois, &#8230;. Nous sommes une agence qui n&rsquo;a pas froid aux yeux. Avec trois questions courtes, nous devrions donc avoir une bonne id\u00e9e...","protected":false},"author":1,"featured_media":0,"parent":0,"menu_order":3,"comment_status":"closed","ping_status":"closed","template":"","meta":{"_acf_changed":false,"footnotes":""},"class_list":["post-4011","page","type-page","status-publish","hentry"],"acf":[],"_links":{"self":[{"href":"https:\/\/dexville.be\/fr\/wp-json\/wp\/v2\/pages\/4011","targetHints":{"allow":["GET"]}}],"collection":[{"href":"https:\/\/dexville.be\/fr\/wp-json\/wp\/v2\/pages"}],"about":[{"href":"https:\/\/dexville.be\/fr\/wp-json\/wp\/v2\/types\/page"}],"author":[{"embeddable":true,"href":"https:\/\/dexville.be\/fr\/wp-json\/wp\/v2\/users\/1"}],"replies":[{"embeddable":true,"href":"https:\/\/dexville.be\/fr\/wp-json\/wp\/v2\/comments?post=4011"}],"version-history":[{"count":8,"href":"https:\/\/dexville.be\/fr\/wp-json\/wp\/v2\/pages\/4011\/revisions"}],"predecessor-version":[{"id":4035,"href":"https:\/\/dexville.be\/fr\/wp-json\/wp\/v2\/pages\/4011\/revisions\/4035"}],"wp:attachment":[{"href":"https:\/\/dexville.be\/fr\/wp-json\/wp\/v2\/media?parent=4011"}],"curies":[{"name":"wp","href":"https:\/\/api.w.org\/{rel}","templated":true}]}}