{"id":2786,"date":"2023-09-28T11:33:09","date_gmt":"2023-09-28T09:33:09","guid":{"rendered":"https:\/\/dexville.be\/wie-we-zijn\/partners\/"},"modified":"2024-03-04T16:11:12","modified_gmt":"2024-03-04T14:11:12","slug":"partenaires","status":"publish","type":"page","link":"https:\/\/dexville.be\/fr\/qui-sommes-nous\/partenaires\/","title":{"rendered":"Partenaires"},"content":{"rendered":"<section class=\"l-section wpb_row height_auto\"><div class=\"l-section-h i-cf\"><div class=\"g-cols vc_row via_flex valign_top type_default stacking_default\"><div class=\"vc_col-sm-12 wpb_column vc_column_container\"><div class=\"vc_column-inner\"><div class=\"wpb_wrapper\"><div class=\"w-separator size_large\"><\/div><nav class=\"g-breadcrumbs us_custom_126d7f05 has_text_color separator_icon align_none\" itemscope itemtype=\"http:\/\/schema.org\/BreadcrumbList\"><div class=\"g-breadcrumbs-item\" itemscope itemprop=\"itemListElement\" itemtype=\"http:\/\/schema.org\/ListItem\"><a itemprop=\"item\" href=\"https:\/\/dexville.be\/fr\/\"><span itemprop=\"name\">Accueil<\/span><\/a><meta itemprop=\"position\" content=\"1\"\/><\/div><div class=\"g-breadcrumbs-separator\"><i class=\"far fa-angle-right\"><\/i><\/div><div class=\"g-breadcrumbs-item\">Pages<\/div><\/nav><\/div><\/div><\/div><\/div><\/div><\/section><section class=\"l-section wpb_row height_large\"><div class=\"l-section-h i-cf\"><div class=\"g-cols vc_row via_flex valign_top type_default stacking_default\"><div class=\"vc_col-sm-12 wpb_column vc_column_container\"><div class=\"vc_column-inner\"><div class=\"wpb_wrapper\"><div class=\"w-grid us_grid type_grid layout_1011 dienstgrid partner cols_2 preload_style_spinner\" id=\"us_grid_1\" style=\"--columns:2;--gap:1.5rem;\" data-filterable=\"true\"><style>@media (max-width:767px){#us_grid_1{--columns:1!important}}.layout_1011 .w-grid-item-h{}.layout_1011 .usg_post_custom_field_1{margin-top:25px!important}.layout_1011 .usg_post_image_1{width:auto!important;height:50px!important}<\/style><div class=\"w-grid-list\">\t<article class=\"w-grid-item size_1x1 post-2960 partner type-partner status-publish has-post-thumbnail hentry team-categorie-acc-fr\" data-id=\"2960\">\r\n\t\t<div class=\"w-grid-item-h\">\r\n\t\t\t\t\t\t\t<a href=\"https:\/\/dexville.be\/fr\/partenaire\/acc\/\" class=\"w-grid-item-anchor\" aria-label=\"ACC\"><\/a>\r\n\t\t\t\t\t\t<div class=\"w-hwrapper usg_hwrapper_1 align_justify valign_middle\" style=\"--hwrapper-gap:1rem\"><div class=\"w-post-elm post_image usg_post_image_1 partnerpreview has_width has_height\"><img loading=\"lazy\" decoding=\"async\" width=\"1000\" height=\"243\" src=\"https:\/\/dexville.be\/wp-content\/uploads\/2024\/01\/DexVille-Partner-ACC-Black.png\" class=\"attachment-large size-large wp-post-image\" alt=\"acc\" srcset=\"https:\/\/dexville.be\/wp-content\/uploads\/2024\/01\/DexVille-Partner-ACC-Black.png 1000w, https:\/\/dexville.be\/wp-content\/uploads\/2024\/01\/DexVille-Partner-ACC-Black-300x73.png 300w\" sizes=\"auto, (max-width: 1000px) 100vw, 1000px\" title=\"\"><\/div><div class=\"w-html usg_html_1 arrow\"><i class=\"fal fa-arrow-right\"><\/i><\/div><\/div><div class=\"w-post-elm post_custom_field usg_post_custom_field_1 intro type_text partners color_link_inherit\"><span class=\"w-post-elm-value\">DexVille est membre de l'ACC en Belgique depuis plusieurs ann\u00e9es. L'ACC est une association \u00e9tablie- en Belgique qui regroupe toutes les entreprises en Communication. Gr\u00e2ce \u00e0 eux, nous restons \u00e0 l'aff\u00fbt de toutes les \u00e9volutions, r\u00e9glementations, etc. du secteur. Nous avons ainsi acc\u00e8s \u00e0 diff\u00e9rents outils et aussi \u00e0 des \u00e9quipes d'experts indispensables aux tenants et aboutissants d'une agence de communication.   <\/span><\/div>\t\t<\/div>\r\n\t\t\t<\/article>\r\n\t<article class=\"w-grid-item size_1x1 post-2956 partner type-partner status-publish has-post-thumbnail hentry team-categorie-kmo-portefeuille-fr\" data-id=\"2956\">\r\n\t\t<div class=\"w-grid-item-h\">\r\n\t\t\t\t\t\t\t<a href=\"https:\/\/dexville.be\/fr\/partenaire\/cheques-entreprises\/\" class=\"w-grid-item-anchor\" aria-label=\"Ch\u00e8ques-entreprises\"><\/a>\r\n\t\t\t\t\t\t<div class=\"w-hwrapper usg_hwrapper_1 align_justify valign_middle\" style=\"--hwrapper-gap:1rem\"><div class=\"w-post-elm post_image usg_post_image_1 partnerpreview has_width has_height\"><img loading=\"lazy\" decoding=\"async\" width=\"308\" height=\"115\" src=\"https:\/\/dexville.be\/wp-content\/uploads\/2024\/01\/DexVille-Partners-Cheques-Entreprise-2.png\" class=\"attachment-large size-large wp-post-image\" alt=\"cheques entreprises\" srcset=\"https:\/\/dexville.be\/wp-content\/uploads\/2024\/01\/DexVille-Partners-Cheques-Entreprise-2.png 308w, https:\/\/dexville.be\/wp-content\/uploads\/2024\/01\/DexVille-Partners-Cheques-Entreprise-2-300x112.png 300w\" sizes=\"auto, (max-width: 308px) 100vw, 308px\" title=\"\"><\/div><div class=\"w-html usg_html_1 arrow\"><i class=\"fal fa-arrow-right\"><\/i><\/div><\/div><div class=\"w-post-elm post_custom_field usg_post_custom_field_1 intro type_text partners color_link_inherit\"><span class=\"w-post-elm-value\">DexVille est comp\u00e9tent pour les audits et analyses de la communication, le d\u00e9veloppement de strat\u00e9gie de communication et communication digitale, l\u2019analyse  de l\u2019image et du branding ainsi que pour les  propositions d\u2019identit\u00e9 visuelle, conseils en marketing et e-marketing.<\/span><\/div>\t\t<\/div>\r\n\t\t\t<\/article>\r\n\t<article class=\"w-grid-item size_1x1 post-2959 partner type-partner status-publish has-post-thumbnail hentry team-categorie-cookiebot-fr\" data-id=\"2959\">\r\n\t\t<div class=\"w-grid-item-h\">\r\n\t\t\t\t\t\t\t<a href=\"https:\/\/dexville.be\/fr\/partenaire\/cookiebot\/\" class=\"w-grid-item-anchor\" aria-label=\"Cookiebot\"><\/a>\r\n\t\t\t\t\t\t<div class=\"w-hwrapper usg_hwrapper_1 align_justify valign_middle\" style=\"--hwrapper-gap:1rem\"><div class=\"w-post-elm post_image usg_post_image_1 partnerpreview has_width has_height\"><img loading=\"lazy\" decoding=\"async\" width=\"1000\" height=\"299\" src=\"https:\/\/dexville.be\/wp-content\/uploads\/2024\/01\/DexVille-Partners-Cookiebot-2.png\" class=\"attachment-large size-large wp-post-image\" alt=\"cookiebot\" srcset=\"https:\/\/dexville.be\/wp-content\/uploads\/2024\/01\/DexVille-Partners-Cookiebot-2.png 1000w, https:\/\/dexville.be\/wp-content\/uploads\/2024\/01\/DexVille-Partners-Cookiebot-2-300x90.png 300w\" sizes=\"auto, (max-width: 1000px) 100vw, 1000px\" title=\"\"><\/div><div class=\"w-html usg_html_1 arrow\"><i class=\"fal fa-arrow-right\"><\/i><\/div><\/div><div class=\"w-post-elm post_custom_field usg_post_custom_field_1 intro type_text partners color_link_inherit\"><span class=\"w-post-elm-value\">Cookiebot CMP est la plateforme de gestion des consentements qui aide les entreprises \u00e0 rendre leurs sites web conformes aux r\u00e9glementations sur la confidentialit\u00e9 des donn\u00e9es et en particulier \u00e0 g\u00e9rer les cookies selon les normes RGPD (GDPR en anglais).  <\/span><\/div>\t\t<\/div>\r\n\t\t\t<\/article>\r\n\t<article class=\"w-grid-item size_1x1 post-2958 partner type-partner status-publish has-post-thumbnail hentry team-categorie-feweb-fr\" data-id=\"2958\">\r\n\t\t<div class=\"w-grid-item-h\">\r\n\t\t\t\t\t\t\t<a href=\"https:\/\/dexville.be\/fr\/partenaire\/feweb\/\" class=\"w-grid-item-anchor\" aria-label=\"Feweb\"><\/a>\r\n\t\t\t\t\t\t<div class=\"w-hwrapper usg_hwrapper_1 align_justify valign_middle\" style=\"--hwrapper-gap:1rem\"><div class=\"w-post-elm post_image usg_post_image_1 partnerpreview has_width has_height\"><img loading=\"lazy\" decoding=\"async\" width=\"1024\" height=\"380\" src=\"https:\/\/dexville.be\/wp-content\/uploads\/2024\/01\/DexVille-Partners-Feweb-2-1-1024x380.png\" class=\"attachment-large size-large wp-post-image\" alt=\"feweb\" srcset=\"https:\/\/dexville.be\/wp-content\/uploads\/2024\/01\/DexVille-Partners-Feweb-2-1-1024x380.png 1024w, https:\/\/dexville.be\/wp-content\/uploads\/2024\/01\/DexVille-Partners-Feweb-2-1-300x111.png 300w, https:\/\/dexville.be\/wp-content\/uploads\/2024\/01\/DexVille-Partners-Feweb-2-1.png 1730w\" sizes=\"auto, (max-width: 1024px) 100vw, 1024px\" title=\"\"><\/div><div class=\"w-html usg_html_1 arrow\"><i class=\"fal fa-arrow-right\"><\/i><\/div><\/div><div class=\"w-post-elm post_custom_field usg_post_custom_field_1 intro type_text partners color_link_inherit\"><span class=\"w-post-elm-value\">DexVille est un fier d\u2019\u00eatre partenaire de la FeWeb. La FeWeb est l'organisation professionnelle des professionnels du num\u00e9rique, des agences et des prestataires de services num\u00e9riques. Elle \u0153uvre \u00e0 la professionnalisation et \u00e0 l'unification du secteur de l'Internet, tant en Flandre qu'\u00e0 Bruxelles et en Wallonie. <\/span><\/div>\t\t<\/div>\r\n\t\t\t<\/article>\r\n\t<article class=\"w-grid-item size_1x1 post-2957 partner type-partner status-publish has-post-thumbnail hentry team-categorie-google-fr\" data-id=\"2957\">\r\n\t\t<div class=\"w-grid-item-h\">\r\n\t\t\t\t\t\t\t<a href=\"https:\/\/dexville.be\/fr\/partenaire\/google\/\" class=\"w-grid-item-anchor\" aria-label=\"Google\"><\/a>\r\n\t\t\t\t\t\t<div class=\"w-hwrapper usg_hwrapper_1 align_justify valign_middle\" style=\"--hwrapper-gap:1rem\"><div class=\"w-post-elm post_image usg_post_image_1 partnerpreview has_width has_height\"><img loading=\"lazy\" decoding=\"async\" width=\"1000\" height=\"427\" src=\"https:\/\/dexville.be\/wp-content\/uploads\/2024\/01\/DexVille-Partners-Google-2.png\" class=\"attachment-large size-large wp-post-image\" alt=\"google partner\" srcset=\"https:\/\/dexville.be\/wp-content\/uploads\/2024\/01\/DexVille-Partners-Google-2.png 1000w, https:\/\/dexville.be\/wp-content\/uploads\/2024\/01\/DexVille-Partners-Google-2-300x128.png 300w\" sizes=\"auto, (max-width: 1000px) 100vw, 1000px\" title=\"\"><\/div><div class=\"w-html usg_html_1 arrow\"><i class=\"fal fa-arrow-right\"><\/i><\/div><\/div><div class=\"w-post-elm post_custom_field usg_post_custom_field_1 intro type_text partners color_link_inherit\"><span class=\"w-post-elm-value\">Google reste le plus grand acteur du march\u00e9 de la recherche. Cette plateforme nous le d\u00e9montre   depuis des ann\u00e9es et elle parvient, encore aujourd\u2019hui, \u00e0 r\u00e9pondre aux nouvelles tendances du march\u00e9.  <\/span><\/div>\t\t<\/div>\r\n\t\t\t<\/article>\r\n\t<article class=\"w-grid-item size_1x1 post-2961 partner type-partner status-publish has-post-thumbnail hentry team-categorie-kinsta-fr\" data-id=\"2961\">\r\n\t\t<div class=\"w-grid-item-h\">\r\n\t\t\t\t\t\t\t<a href=\"https:\/\/dexville.be\/fr\/partenaire\/kinsta\/\" class=\"w-grid-item-anchor\" aria-label=\"Kinsta\"><\/a>\r\n\t\t\t\t\t\t<div class=\"w-hwrapper usg_hwrapper_1 align_justify valign_middle\" style=\"--hwrapper-gap:1rem\"><div class=\"w-post-elm post_image usg_post_image_1 partnerpreview has_width has_height\"><img loading=\"lazy\" decoding=\"async\" width=\"696\" height=\"166\" src=\"https:\/\/dexville.be\/wp-content\/uploads\/2023\/11\/kinsta-partner-horizontal-dark.png\" class=\"attachment-large size-large wp-post-image\" alt=\"Dexville Kinsta Partner Belgi\u00eb\" srcset=\"https:\/\/dexville.be\/wp-content\/uploads\/2023\/11\/kinsta-partner-horizontal-dark.png 696w, https:\/\/dexville.be\/wp-content\/uploads\/2023\/11\/kinsta-partner-horizontal-dark-300x72.png 300w\" sizes=\"auto, (max-width: 696px) 100vw, 696px\" title=\"\"><\/div><div class=\"w-html usg_html_1 arrow\"><i class=\"fal fa-arrow-right\"><\/i><\/div><\/div><div class=\"w-post-elm post_custom_field usg_post_custom_field_1 intro type_text partners color_link_inherit\"><span class=\"w-post-elm-value\">Kinsta est l'h\u00e9bergeur Managed WordPress qui s'assure que l'aspect technique de votre site web, que nous construisons pour vous chez DexVille, fonctionne comme une machine bien huil\u00e9e. Et voici la bonne nouvelle : DexVille et Kinsta sont d\u00e9sormais des partenaires privil\u00e9gi\u00e9s. Nous leur faisons confiance et ils nous font confiance.  <\/span><\/div>\t\t<\/div>\r\n\t\t\t<\/article>\r\n\t<article class=\"w-grid-item size_1x1 post-2955 partner type-partner status-publish has-post-thumbnail hentry team-categorie-leadinfo-fr\" data-id=\"2955\">\r\n\t\t<div class=\"w-grid-item-h\">\r\n\t\t\t\t\t\t\t<a href=\"https:\/\/dexville.be\/fr\/partenaire\/leadinfo\/\" class=\"w-grid-item-anchor\" aria-label=\"Leadinfo\"><\/a>\r\n\t\t\t\t\t\t<div class=\"w-hwrapper usg_hwrapper_1 align_justify valign_middle\" style=\"--hwrapper-gap:1rem\"><div class=\"w-post-elm post_image usg_post_image_1 partnerpreview has_width has_height\"><img loading=\"lazy\" decoding=\"async\" width=\"1024\" height=\"1024\" src=\"https:\/\/dexville.be\/wp-content\/uploads\/2024\/01\/DexVille-Partner-Leadinfo-Black-01.svg\" class=\"attachment-large size-large wp-post-image\" alt=\"leadinfo partner\" title=\"\"><\/div><div class=\"w-html usg_html_1 arrow\"><i class=\"fal fa-arrow-right\"><\/i><\/div><\/div><div class=\"w-post-elm post_custom_field usg_post_custom_field_1 intro type_text partners color_link_inherit\"><span class=\"w-post-elm-value\">Savoir qui visite votre site web ? Le r\u00eave de toute entreprise ! C'est le moyen de faire rapidement et facilement de la prospection. C'est pourquoi chez DexVille nous sommes partenaires officiels de Leadinfo : l'outil qui vous dit qui a pass\u00e9 du temps sur votre site web.  <\/span><\/div>\t\t<\/div>\r\n\t\t\t<\/article>\r\n<\/div>\t<div class=\"w-grid-preloader\">\r\n\t\t<div class=\"g-preloader type_1\">\r\n\t\t\t<div><\/div>\r\n\t\t<\/div>\r\n\t<\/div>\r\n\t\t<div class=\"w-grid-json hidden\" onclick='return {&quot;action&quot;:&quot;us_ajax_grid&quot;,&quot;infinite_scroll&quot;:0,&quot;max_num_pages&quot;:1,&quot;pagination&quot;:&quot;none&quot;,&quot;template_vars&quot;:{&quot;columns&quot;:&quot;2&quot;,&quot;exclude_items&quot;:&quot;none&quot;,&quot;img_size&quot;:&quot;default&quot;,&quot;ignore_items_size&quot;:0,&quot;items_layout&quot;:&quot;1011&quot;,&quot;items_offset&quot;:&quot;1&quot;,&quot;load_animation&quot;:&quot;none&quot;,&quot;overriding_link&quot;:&quot;%7B%22type%22%3A%22post%22%7D&quot;,&quot;post_id&quot;:0,&quot;query_args&quot;:{&quot;post_type&quot;:[&quot;partner&quot;],&quot;post_status&quot;:[&quot;publish&quot;,&quot;acf-disabled&quot;],&quot;posts_per_page&quot;:&quot;50&quot;},&quot;orderby_query_args&quot;:{&quot;orderby&quot;:{&quot;title&quot;:&quot;ASC&quot;},&quot;order&quot;:&quot;ASC&quot;},&quot;type&quot;:&quot;grid&quot;,&quot;us_grid_post_type&quot;:&quot;partner&quot;,&quot;us_grid_ajax_index&quot;:1,&quot;us_grid_filter_query_string&quot;:null,&quot;us_grid_index&quot;:1,&quot;page_args&quot;:[],&quot;lang&quot;:&quot;fr&quot;}}'><\/div>\r\n\t<\/div><\/div><\/div><\/div><\/div><\/div><\/section>\n","protected":false},"excerpt":{"rendered":"","protected":false},"author":1,"featured_media":0,"parent":2785,"menu_order":0,"comment_status":"closed","ping_status":"closed","template":"","meta":{"_acf_changed":false,"footnotes":""},"class_list":["post-2786","page","type-page","status-publish","hentry"],"acf":[],"_links":{"self":[{"href":"https:\/\/dexville.be\/fr\/wp-json\/wp\/v2\/pages\/2786","targetHints":{"allow":["GET"]}}],"collection":[{"href":"https:\/\/dexville.be\/fr\/wp-json\/wp\/v2\/pages"}],"about":[{"href":"https:\/\/dexville.be\/fr\/wp-json\/wp\/v2\/types\/page"}],"author":[{"embeddable":true,"href":"https:\/\/dexville.be\/fr\/wp-json\/wp\/v2\/users\/1"}],"replies":[{"embeddable":true,"href":"https:\/\/dexville.be\/fr\/wp-json\/wp\/v2\/comments?post=2786"}],"version-history":[{"count":3,"href":"https:\/\/dexville.be\/fr\/wp-json\/wp\/v2\/pages\/2786\/revisions"}],"predecessor-version":[{"id":2964,"href":"https:\/\/dexville.be\/fr\/wp-json\/wp\/v2\/pages\/2786\/revisions\/2964"}],"up":[{"embeddable":true,"href":"https:\/\/dexville.be\/fr\/wp-json\/wp\/v2\/pages\/2785"}],"wp:attachment":[{"href":"https:\/\/dexville.be\/fr\/wp-json\/wp\/v2\/media?parent=2786"}],"curies":[{"name":"wp","href":"https:\/\/api.w.org\/{rel}","templated":true}]}}